

{"id":43028,"date":"2021-07-17T13:12:58","date_gmt":"2021-07-17T11:12:58","guid":{"rendered":"https:\/\/demetragioielli.com\/?page_id=43028"},"modified":"2021-09-20T09:54:49","modified_gmt":"2021-09-20T07:54:49","slug":"privacy-policy","status":"publish","type":"page","link":"https:\/\/demetragioielli.com\/en\/privacy-policy\/","title":{"rendered":"privacy-policy"},"content":{"rendered":"<div data-elementor-type=\"wp-page\" data-elementor-id=\"43028\" class=\"elementor elementor-43028\" data-elementor-post-type=\"page\">\n\t\t\t\t\t\t\t\t\t<section class=\"has_eae_slider elementor-section elementor-top-section elementor-element elementor-element-389bbcb elementor-section-boxed elementor-section-height-default elementor-section-height-default\" data-id=\"389bbcb\" data-element_type=\"section\">\n\t\t\t\t\t\t<div class=\"elementor-container elementor-column-gap-default\">\n\t\t\t\t\t<div class=\"has_eae_slider elementor-column elementor-col-100 elementor-top-column elementor-element elementor-element-3f63f5c\" data-id=\"3f63f5c\" data-element_type=\"column\">\n\t\t\t<div class=\"elementor-widget-wrap elementor-element-populated\">\n\t\t\t\t\t\t\t\t<div class=\"elementor-element elementor-element-a8c6c19 elementor-widget elementor-widget-heading\" data-id=\"a8c6c19\" data-element_type=\"widget\" data-widget_type=\"heading.default\">\n\t\t\t\t<div class=\"elementor-widget-container\">\n\t\t\t<h2 class=\"elementor-heading-title elementor-size-default\">PRIVACY POLICY<\/h2>\t\t<\/div>\n\t\t\t\t<\/div>\n\t\t\t\t\t<\/div>\n\t\t<\/div>\n\t\t\t\t\t\t\t<\/div>\n\t\t<\/section>\n\t\t\t\t<section class=\"has_eae_slider elementor-section elementor-top-section elementor-element elementor-element-e6c61ef elementor-section-boxed elementor-section-height-default elementor-section-height-default\" data-id=\"e6c61ef\" data-element_type=\"section\">\n\t\t\t\t\t\t<div class=\"elementor-container elementor-column-gap-default\">\n\t\t\t\t\t<div class=\"has_eae_slider elementor-column elementor-col-100 elementor-top-column elementor-element elementor-element-726a2e0\" data-id=\"726a2e0\" data-element_type=\"column\">\n\t\t\t<div class=\"elementor-widget-wrap elementor-element-populated\">\n\t\t\t\t\t\t\t\t<div class=\"elementor-element elementor-element-159003b elementor-widget elementor-widget-text-editor\" data-id=\"159003b\" data-element_type=\"widget\" data-widget_type=\"text-editor.default\">\n\t\t\t\t<div class=\"elementor-widget-container\">\n\t\t\t\t\t\t\t<p>Ce site (www.demetramontecarlo.com, ci-apr\u00e8s le \u00abSite\u00bb) est enregistr\u00e9 et \u00e9dit\u00e9 par DEMETRA INTERNATIONAL sarl (ci-apr\u00e8s \u00abDEMETRA\u00bb), Soci\u00e9t\u00e9 \u00e0 responsabilit\u00e9 limit\u00e9e, ayant son si\u00e8ge social situ\u00e9 au 41, Avenue Hector Otto,\u2006 \u2006 Monaco, d\u00fbment immatricul\u00e9e \u00e0 Monaco. L&#8217;acc\u00e8s au Site, ainsi que l&#8217;utilisation de son contenu, sont soumis aux conditions d&#8217;utilisation suivantes. L&#8217;acc\u00e8s et la navigation sur le Site constituent une acceptation inconditionnelle par le visiteur des stipulations suivantes:<\/p>\n<p>I. Confidentialit\u00e9<\/p>\n<p>DEMETRA veille \u00e0 ce que votre vie priv\u00e9e soit prot\u00e9g\u00e9e lors de l&#8217;utilisation de nos services. Nous avons donc une politique ci-dessous d\u00e9finissant la mani\u00e8re dont vos donn\u00e9es personnelles seront trait\u00e9es et prot\u00e9g\u00e9es.<\/p>\n<p>\u2022 Donn\u00e9es personnelles<\/p>\n<p>DEMETRA est le contr\u00f4leur et sous-traitant des donn\u00e9es personnelles des donn\u00e9es personnelles que vous nous divulguez et donc responsable de vos donn\u00e9es personnelles en vertu de la loi applicable (y compris, mais sans s&#8217;y limiter, le r\u00e8glement (UE) 2016\/679 du Parlement europ\u00e9en et du conseil. du 27 avril 2016 relative \u00e0 la protection des personnes physiques \u00e0 l&#8217;\u00e9gard du traitement des donn\u00e9es \u00e0 caract\u00e8re personnel et \u00e0 la libre circulation de ces donn\u00e9es, et abrogeant la directive 95\/46 \/ CE (ci-apr\u00e8s \u00abr\u00e8glement g\u00e9n\u00e9ral sur la protection des donn\u00e9es\u00bb ou \u00abRGPD\u00bb)). DEMETRA collectera les donn\u00e9es personnelles fournies par vous lors de la passation de commande, de la prise de contact avec le service client, etc. et ces donn\u00e9es personnelles peuvent inclure le contact, la date de naissance, les informations de paiement, etc.<\/p>\n<p>\u2022 Utilisation des donn\u00e9es personnelles DEMETRA a besoin de vos donn\u00e9es aux fins suivantes:<\/p>\n<p>\u2022 Pour cr\u00e9er votre compte personnel chez DEMETRA <\/p>\n<p>\u2022 Pour traiter vos commandes via nos services en ligne <\/p>\n<p>\u2022 Pour envoyer des notifications de message d&#8217;\u00e9tat de livraison <\/p>\n<p>\u2022 Pour vous envoyer des newsletters et catalogues <\/p>\n<p>\u2022 Pour vous contacter en cas de probl\u00e8me avec la livraison de votre commande <\/p>\n<p>\u2022 Pour r\u00e9pondre \u00e0 vos questions et pour vous informer des services nouveaux ou modifi\u00e9s <\/p>\n<p>\u2022 Engager les fournisseurs de services \u00e0 fournir des donn\u00e9es analytiques dans le but d&#8217;optimiser l&#8217;utilisation du site<\/p>\n<p>DEMETRA ne conserve vos donn\u00e9es que le temps n\u00e9cessaire \u00e0 la r\u00e9alisation de nos services ou aussi longtemps que DEMETRA est requis par la loi applicable.<\/p>\n<p>\u2022 Droit des clients<\/p>\n<p>Si vos donn\u00e9es sont incorrectes, incompl\u00e8tes ou non pertinentes, ou si vous vous opposez \u00e0 leur utilisation, ou si vous demandez un autre droit auquel vous avez droit en vertu de la loi applicable, vous pouvez demander que les informations soient corrig\u00e9es, supprim\u00e9es ou effac\u00e9es. Vous pouvez nous contacter en envoyant un e-mail \u00e0 (customer.care@demetragioielli.com). Les demandes formul\u00e9es sur la base de celles-ci recevront une r\u00e9ponse au plus tard 2 mois apr\u00e8s r\u00e9ception des demandes.<br>\u2022 Protection des donn\u00e9es personnelles<br>DEMETRA a pris des mesures pour prot\u00e9ger vos donn\u00e9es contre la perte, la manipulation, les acc\u00e8s non autoris\u00e9s, etc. DEMETRA adapte en permanence ses mesures de s\u00e9curit\u00e9 en fonction des progr\u00e8s technologiques.<br>\u2022 Cookie Un cookie est enregistr\u00e9 sur votre ordinateur ou appareil mobile et, lors de visites ult\u00e9rieures, r\u00e9cup\u00e9r\u00e9 \u00e0 partir de votre ordinateur ou appareil mobile. DEMETRA utilise des cookies pour am\u00e9liorer votre visite. DEMETRA n&#8217;utilisera pas de cookies pour stocker des informations personnelles, ou pour divulguer des informations \u00e0 des tiers.<\/p>\n<p>II. Propri\u00e9t\u00e9 intellectuelle<\/p>\n<p>DEMETRA&nbsp;est propri\u00e9taire des droits de propri\u00e9t\u00e9 intellectuelle ou d\u00e9tient les droits d\u2019usage sur tous les \u00e9l\u00e9ments accessibles sur le site, notamment les textes, images, graphismes, logo, ic\u00f4nes, sons, logiciels.<br>Toute reproduction, repr\u00e9sentation, modification, publication, adaptation de tout ou partie des \u00e9l\u00e9ments du site, quel que soit le moyen ou le proc\u00e9d\u00e9 utilis\u00e9, est interdite, sauf autorisation \u00e9crite pr\u00e9alable de&nbsp;DEMETRA&nbsp;<br>Toute exploitation non autoris\u00e9e du site ou de l\u2019un quelconque des \u00e9l\u00e9ments qu\u2019il contient sera consid\u00e9r\u00e9e comme constitutive d\u2019une contrefa\u00e7on et poursuivie conform\u00e9ment aux dispositions des articles L.335-2 et suivants du Code de Propri\u00e9t\u00e9 Intellectuelle.<br>\u2022 L&#8217;utilisation de tout ou partie du Site, notamment par t\u00e9l\u00e9chargement, reproduction, transmission, repr\u00e9sentation ou diffusion, \u00e0 des fins autres que personnelles et priv\u00e9es et dans un but non commercial par l&#8217;internaute est strictement interdite.<br>\u2022 Aucune partie du Site ne peut \u00eatre copi\u00e9e, reproduite, republi\u00e9e, t\u00e9l\u00e9charg\u00e9e, post\u00e9e, transmise ou distribu\u00e9e de quelque mani\u00e8re que ce soit, sauf \u00e0 des fins de visualisation, sans l&#8217;autorisation \u00e9crite pr\u00e9alable de DEMETRA.<\/p>\n<p>DEMETRA d\u00e9tient tous les droits d&#8217;auteur pour tout le mat\u00e9riel sur le site ou a un droit valide d&#8217;un tiers d&#8217;utiliser le mat\u00e9riel sur le site. <br>Toute modification ou utilisation des \u00e9l\u00e9ments du Site \u00e0 des fins non express\u00e9ment autoris\u00e9es constitue une violation des droits d&#8217;auteur et autres droits de propri\u00e9t\u00e9 de DEMETRA. <\/p>\n<p>L&#8217;utilisation du mat\u00e9riel de ce Site sans l&#8217;accord \u00e9crit pr\u00e9alable de DEMETRA est strictement interdite.<\/p>\n<p>III. Divers<\/p>\n<p>Vous reconnaissez et acceptez que ces Conditions, ainsi que notre Contrat de vente et la Politique de confidentialit\u00e9 correspondante, constituent l&#8217;int\u00e9gralit\u00e9 de l&#8217;accord entre vous et DEMETRA en ce qui concerne l&#8217;utilisation du Site. DEMETRA peut modifier ces Conditions \u00e0 tout moment en publiant des modifications sur le Site. Tous les changements sont effectifs d\u00e8s leur publication. L&#8217;utilisation continue du site constitue votre acceptation des conditions r\u00e9vis\u00e9es. Vous devez vous conformer \u00e0 la loi et \u00e0 la r\u00e9glementation de Monaco, y compris, mais sans s&#8217;y limiter, les lois et r\u00e9glementations relatives \u00e0 Internet. En toute circonstance, si DEMETRA a un doute raisonnable que vous pouvez agir en violation des pr\u00e9sentes Conditions g\u00e9n\u00e9rales ou de toute loi ou r\u00e9glementation de Monaco, DEMETRA peut, \u00e0 sa seule discr\u00e9tion, refuser la prestation de service, fermer votre compte ou r\u00e9silier votre acc\u00e8s au Site sans pr\u00e9avis.<\/p>\n<div>&nbsp;<\/div>\n<div>&nbsp;<\/div>\t\t\t\t\t\t<\/div>\n\t\t\t\t<\/div>\n\t\t\t\t\t<\/div>\n\t\t<\/div>\n\t\t\t\t\t\t\t<\/div>\n\t\t<\/section>\n\t\t\t\t\t\t\t<\/div>","protected":false},"excerpt":{"rendered":"<p>PRIVACY POLICY Ce site (www.demetramontecarlo.com, ci-apr\u00e8s le \u00abSite\u00bb) est enregistr\u00e9 et \u00e9dit\u00e9 par DEMETRA INTERNATIONAL sarl (ci-apr\u00e8s \u00abDEMETRA\u00bb), Soci\u00e9t\u00e9 \u00e0 responsabilit\u00e9 limit\u00e9e, ayant son si\u00e8ge social situ\u00e9 au 41, Avenue Hector Otto,\u2006 \u2006 Monaco, d\u00fbment immatricul\u00e9e \u00e0 Monaco. L&#8217;acc\u00e8s au Site, ainsi que l&#8217;utilisation de son contenu, sont soumis aux conditions d&#8217;utilisation suivantes. L&#8217;acc\u00e8s et [&hellip;]<\/p>","protected":false},"author":1,"featured_media":0,"parent":0,"menu_order":0,"comment_status":"closed","ping_status":"closed","template":"","meta":{"_joinchat":[],"footnotes":""},"class_list":["post-43028","page","type-page","status-publish","hentry"],"yoast_head":"<!-- This site is optimized with the Yoast SEO plugin v21.3 - https:\/\/yoast.com\/wordpress\/plugins\/seo\/ -->\n<title>privacy-policy &#060; Demetra Gioielli<\/title>\n<meta name=\"robots\" content=\"index, follow, max-snippet:-1, max-image-preview:large, max-video-preview:-1\" \/>\n<link rel=\"canonical\" href=\"https:\/\/shop.demetragioielli.com\/privacy-policy\/\" \/>\n<meta property=\"og:locale\" content=\"en_US\" \/>\n<meta property=\"og:type\" content=\"article\" \/>\n<meta property=\"og:title\" content=\"privacy-policy &#060; Demetra Gioielli\" \/>\n<meta property=\"og:description\" content=\"PRIVACY POLICY Ce site (www.demetramontecarlo.com, ci-apr\u00e8s le \u00abSite\u00bb) est enregistr\u00e9 et \u00e9dit\u00e9 par DEMETRA INTERNATIONAL sarl (ci-apr\u00e8s \u00abDEMETRA\u00bb), Soci\u00e9t\u00e9 \u00e0 responsabilit\u00e9 limit\u00e9e, ayant son si\u00e8ge social situ\u00e9 au 41, Avenue Hector Otto,\u2006 \u2006 Monaco, d\u00fbment immatricul\u00e9e \u00e0 Monaco. L&#8217;acc\u00e8s au Site, ainsi que l&#8217;utilisation de son contenu, sont soumis aux conditions d&#8217;utilisation suivantes. L&#8217;acc\u00e8s et [&hellip;]\" \/>\n<meta property=\"og:url\" content=\"https:\/\/shop.demetragioielli.com\/privacy-policy\/\" \/>\n<meta property=\"og:site_name\" content=\"Demetra Gioielli\" \/>\n<meta property=\"article:modified_time\" content=\"2021-09-20T07:54:49+00:00\" \/>\n<meta name=\"twitter:card\" content=\"summary_large_image\" \/>\n<meta name=\"twitter:label1\" content=\"Est. reading time\" \/>\n\t<meta name=\"twitter:data1\" content=\"4 minutes\" \/>\n<script type=\"application\/ld+json\" class=\"yoast-schema-graph\">{\"@context\":\"https:\/\/schema.org\",\"@graph\":[{\"@type\":\"WebPage\",\"@id\":\"https:\/\/shop.demetragioielli.com\/privacy-policy\/\",\"url\":\"https:\/\/shop.demetragioielli.com\/privacy-policy\/\",\"name\":\"privacy-policy &#060; Demetra Gioielli\",\"isPartOf\":{\"@id\":\"https:\/\/shop.demetragioielli.com\/#website\"},\"datePublished\":\"2021-07-17T11:12:58+00:00\",\"dateModified\":\"2021-09-20T07:54:49+00:00\",\"breadcrumb\":{\"@id\":\"https:\/\/shop.demetragioielli.com\/privacy-policy\/#breadcrumb\"},\"inLanguage\":\"en-US\",\"potentialAction\":[{\"@type\":\"ReadAction\",\"target\":[\"https:\/\/shop.demetragioielli.com\/privacy-policy\/\"]}]},{\"@type\":\"BreadcrumbList\",\"@id\":\"https:\/\/shop.demetragioielli.com\/privacy-policy\/#breadcrumb\",\"itemListElement\":[{\"@type\":\"ListItem\",\"position\":1,\"name\":\"Home\",\"item\":\"https:\/\/demetragioielli.com\/\"},{\"@type\":\"ListItem\",\"position\":2,\"name\":\"privacy-policy\"}]},{\"@type\":\"WebSite\",\"@id\":\"https:\/\/shop.demetragioielli.com\/#website\",\"url\":\"https:\/\/shop.demetragioielli.com\/\",\"name\":\"Demetra Gioielli\",\"description\":\"Un gioiello su misura per te...\",\"publisher\":{\"@id\":\"https:\/\/shop.demetragioielli.com\/#organization\"},\"potentialAction\":[{\"@type\":\"SearchAction\",\"target\":{\"@type\":\"EntryPoint\",\"urlTemplate\":\"https:\/\/shop.demetragioielli.com\/?s={search_term_string}\"},\"query-input\":\"required name=search_term_string\"}],\"inLanguage\":\"en-US\"},{\"@type\":\"Organization\",\"@id\":\"https:\/\/shop.demetragioielli.com\/#organization\",\"name\":\"Demetra Gioielli\",\"url\":\"https:\/\/shop.demetragioielli.com\/\",\"logo\":{\"@type\":\"ImageObject\",\"inLanguage\":\"en-US\",\"@id\":\"https:\/\/shop.demetragioielli.com\/#\/schema\/logo\/image\/\",\"url\":\"https:\/\/demetragioielli.com\/wp-content\/uploads\/2023\/03\/LOGO.png\",\"contentUrl\":\"https:\/\/demetragioielli.com\/wp-content\/uploads\/2023\/03\/LOGO.png\",\"width\":358,\"height\":88,\"caption\":\"Demetra Gioielli\"},\"image\":{\"@id\":\"https:\/\/shop.demetragioielli.com\/#\/schema\/logo\/image\/\"}}]}<\/script>\n<!-- \/ Yoast SEO plugin. -->","yoast_head_json":{"title":"privacy-policy &#060; Demetra Gioielli","robots":{"index":"index","follow":"follow","max-snippet":"max-snippet:-1","max-image-preview":"max-image-preview:large","max-video-preview":"max-video-preview:-1"},"canonical":"https:\/\/shop.demetragioielli.com\/privacy-policy\/","og_locale":"en_US","og_type":"article","og_title":"privacy-policy &#060; Demetra Gioielli","og_description":"PRIVACY POLICY Ce site (www.demetramontecarlo.com, ci-apr\u00e8s le \u00abSite\u00bb) est enregistr\u00e9 et \u00e9dit\u00e9 par DEMETRA INTERNATIONAL sarl (ci-apr\u00e8s \u00abDEMETRA\u00bb), Soci\u00e9t\u00e9 \u00e0 responsabilit\u00e9 limit\u00e9e, ayant son si\u00e8ge social situ\u00e9 au 41, Avenue Hector Otto,\u2006 \u2006 Monaco, d\u00fbment immatricul\u00e9e \u00e0 Monaco. L&#8217;acc\u00e8s au Site, ainsi que l&#8217;utilisation de son contenu, sont soumis aux conditions d&#8217;utilisation suivantes. L&#8217;acc\u00e8s et [&hellip;]","og_url":"https:\/\/shop.demetragioielli.com\/privacy-policy\/","og_site_name":"Demetra Gioielli","article_modified_time":"2021-09-20T07:54:49+00:00","twitter_card":"summary_large_image","twitter_misc":{"Est. reading time":"4 minutes"},"schema":{"@context":"https:\/\/schema.org","@graph":[{"@type":"WebPage","@id":"https:\/\/shop.demetragioielli.com\/privacy-policy\/","url":"https:\/\/shop.demetragioielli.com\/privacy-policy\/","name":"privacy-policy &#060; Demetra Gioielli","isPartOf":{"@id":"https:\/\/shop.demetragioielli.com\/#website"},"datePublished":"2021-07-17T11:12:58+00:00","dateModified":"2021-09-20T07:54:49+00:00","breadcrumb":{"@id":"https:\/\/shop.demetragioielli.com\/privacy-policy\/#breadcrumb"},"inLanguage":"en-US","potentialAction":[{"@type":"ReadAction","target":["https:\/\/shop.demetragioielli.com\/privacy-policy\/"]}]},{"@type":"BreadcrumbList","@id":"https:\/\/shop.demetragioielli.com\/privacy-policy\/#breadcrumb","itemListElement":[{"@type":"ListItem","position":1,"name":"Home","item":"https:\/\/demetragioielli.com\/"},{"@type":"ListItem","position":2,"name":"privacy-policy"}]},{"@type":"WebSite","@id":"https:\/\/shop.demetragioielli.com\/#website","url":"https:\/\/shop.demetragioielli.com\/","name":"Demetra Gioielli","description":"Un gioiello su misura per te...","publisher":{"@id":"https:\/\/shop.demetragioielli.com\/#organization"},"potentialAction":[{"@type":"SearchAction","target":{"@type":"EntryPoint","urlTemplate":"https:\/\/shop.demetragioielli.com\/?s={search_term_string}"},"query-input":"required name=search_term_string"}],"inLanguage":"en-US"},{"@type":"Organization","@id":"https:\/\/shop.demetragioielli.com\/#organization","name":"Demetra Gioielli","url":"https:\/\/shop.demetragioielli.com\/","logo":{"@type":"ImageObject","inLanguage":"en-US","@id":"https:\/\/shop.demetragioielli.com\/#\/schema\/logo\/image\/","url":"https:\/\/demetragioielli.com\/wp-content\/uploads\/2023\/03\/LOGO.png","contentUrl":"https:\/\/demetragioielli.com\/wp-content\/uploads\/2023\/03\/LOGO.png","width":358,"height":88,"caption":"Demetra Gioielli"},"image":{"@id":"https:\/\/shop.demetragioielli.com\/#\/schema\/logo\/image\/"}}]}},"_links":{"self":[{"href":"https:\/\/demetragioielli.com\/en\/wp-json\/wp\/v2\/pages\/43028","targetHints":{"allow":["GET"]}}],"collection":[{"href":"https:\/\/demetragioielli.com\/en\/wp-json\/wp\/v2\/pages"}],"about":[{"href":"https:\/\/demetragioielli.com\/en\/wp-json\/wp\/v2\/types\/page"}],"author":[{"embeddable":true,"href":"https:\/\/demetragioielli.com\/en\/wp-json\/wp\/v2\/users\/1"}],"replies":[{"embeddable":true,"href":"https:\/\/demetragioielli.com\/en\/wp-json\/wp\/v2\/comments?post=43028"}],"version-history":[{"count":16,"href":"https:\/\/demetragioielli.com\/en\/wp-json\/wp\/v2\/pages\/43028\/revisions"}],"predecessor-version":[{"id":46552,"href":"https:\/\/demetragioielli.com\/en\/wp-json\/wp\/v2\/pages\/43028\/revisions\/46552"}],"wp:attachment":[{"href":"https:\/\/demetragioielli.com\/en\/wp-json\/wp\/v2\/media?parent=43028"}],"curies":[{"name":"wp","href":"https:\/\/api.w.org\/{rel}","templated":true}]}}