

{"id":43036,"date":"2021-07-17T13:21:08","date_gmt":"2021-07-17T11:21:08","guid":{"rendered":"https:\/\/demetragioielli.com\/?page_id=43036"},"modified":"2023-09-08T13:37:26","modified_gmt":"2023-09-08T11:37:26","slug":"condizioni-di-vendita","status":"publish","type":"page","link":"https:\/\/demetragioielli.com\/fr\/condizioni-di-vendita\/","title":{"rendered":"Condizioni di vendita"},"content":{"rendered":"<div data-elementor-type=\"wp-page\" data-elementor-id=\"43036\" class=\"elementor elementor-43036\" data-elementor-post-type=\"page\">\n\t\t\t\t\t\t\t\t\t<section class=\"has_eae_slider elementor-section elementor-top-section elementor-element elementor-element-0fa8e25 elementor-section-boxed elementor-section-height-default elementor-section-height-default\" data-id=\"0fa8e25\" data-element_type=\"section\">\n\t\t\t\t\t\t<div class=\"elementor-container elementor-column-gap-default\">\n\t\t\t\t\t<div class=\"has_eae_slider elementor-column elementor-col-100 elementor-top-column elementor-element elementor-element-311b3e9\" data-id=\"311b3e9\" data-element_type=\"column\">\n\t\t\t<div class=\"elementor-widget-wrap elementor-element-populated\">\n\t\t\t\t\t\t\t\t<div class=\"elementor-element elementor-element-542594b elementor-widget elementor-widget-heading\" data-id=\"542594b\" data-element_type=\"widget\" data-widget_type=\"heading.default\">\n\t\t\t\t<div class=\"elementor-widget-container\">\n\t\t\t<h1 class=\"elementor-heading-title elementor-size-default\">CONDITIONS DE VENTE<\/h1>\t\t<\/div>\n\t\t\t\t<\/div>\n\t\t\t\t<div class=\"elementor-element elementor-element-b3f96d1 elementor-widget elementor-widget-text-editor\" data-id=\"b3f96d1\" data-element_type=\"widget\" data-widget_type=\"text-editor.default\">\n\t\t\t\t<div class=\"elementor-widget-container\">\n\t\t\t\t\t\t\t<p><strong>1. Pr\u00e9sentation du site<\/strong><\/p>\n<p>Propri\u00e9taire: DEMETRA INTERNATIONAL Sarl \u2013 Le Patio Palace \u2013 41 Avenue Hector Otto \u2013 98000 MONACO<\/p>\n<p>Registro RC:&nbsp;16 S 06998<\/p>\n<p>Cr\u00e9ation du site\u00a0: DEMETRA INTERNATIONAL Sarl<\/p>\n<p>Responsabile pubblicazioni&nbsp;: www.demetramontecarlo.com \u2013 demetra@monaco.mc<\/p>\n<p>Ospite&nbsp;: ARUBA \u2013 Via San Clemente, 53 \u2013 24036 Ponte San Pietro (BG)<\/p>\n<p><strong>2 \u2013 Subject<\/strong><\/p>\n<p>Les pr\u00e9sentes Conditions G\u00e9n\u00e9rales de Vente (CGV) sont \u00e9tablies entre DEMETRA INTERNATIONAL sarl et toute personne achetant un produit (ci-apr\u00e8s d\u00e9nomm\u00e9 le \u00abClient\u00bb) sur le site www.demetramontecarlo.com (ci-apr\u00e8s d\u00e9nomm\u00e9 le \u00abSite Web\u00bb).<\/p>\n<p>DEMETRA INTERNATIONAL sarl se r\u00e9serve le droit de modifier les pr\u00e9sentes conditions de vente \u00e0 tout moment. Dans ce cas, les conditions applicables seront celles en vigueur \u00e0 la date de la commande de l\u2019acheteur.<\/p>\n<p><strong>3 \u2013 Caract\u00e9ristiques des produits et services propos\u00e9s<\/strong><\/p>\n<p>Le Client peut s\u00e9lectionner un ou plusieurs produits parmi les diff\u00e9rentes cat\u00e9gories propos\u00e9es sur le Site.<\/p>\n<p>Le Client reconna\u00eet que le contenu du Site est susceptible d\u2019\u00e9voluer et DEMETRA INTERNATIONAL sarl se r\u00e9serve le droit de modifier l\u2019assortiment de produits propos\u00e9s sur le Site \u00e0 tout moment, sans pr\u00e9judice des commandes pass\u00e9es par le Client.<\/p>\n<p>Avant de passer une commande, le Client peut trouver une description des caract\u00e9ristiques essentielles du ou des produits qu\u2019il souhaite commander sur le Site Web.<\/p>\n<p>Le Client reconna\u00eet que les produits propos\u00e9s sur le Site peuvent diff\u00e9rer de ceux propos\u00e9s dans les magasins physiques qui proposent en vente nos produits.<\/p>\n<p>Les produits sont propos\u00e9s tant qu\u2019ils sont visibles sur le Site Web et jusqu\u2019\u00e0 \u00e9puisement des stocks.<\/p>\n<p>Lors du traitement de sa commande, le Client sera rapidement inform\u00e9 par courrier \u00e9lectronique si le produit command\u00e9 n\u2019est pas disponible.<\/p>\n<p>Le Client ne sera pas factur\u00e9 pour ces produits. La commande sera automatiquement annul\u00e9e et aucun d\u00e9bit bancaire ne sera effectu\u00e9.<\/p>\n<p><strong>4 \u2013 Tarifs<\/strong><\/p>\n<p>Les prix figurant sur le site web sont des prix publics TTC.<\/p>\n<p>DEMETRA INTERNATIONAL sarl se r\u00e9serve le droit\u2006 \u2006 de modifier ses prix \u00e0 tout moment, \u00e9tant toutefois entendu que le prix figurant au catalogue online le jour de la commande sera le seul applicable \u00e0 l\u2019acheteur, sauf erreur manifeste, et sous r\u00e9serve de la disponibilit\u00e9 des produits \u00e0 cette date.<\/p>\n<p>L\u2019offre de produits et les prix sont valables tant qu\u2019ils sont visibles sur le Site Web.<\/p>\n<p>Le Client reconna\u00eet et accepte par la pr\u00e9sente que le prix de vente du produit d\u00e9pend du pays de livraison.<\/p>\n<p>Dans l\u2019hypoth\u00e8se o\u00f9 le pays de livraison du Client n\u2019aurait pas \u00e9t\u00e9 r\u00e9f\u00e9renc\u00e9 par DEMETRA INTERNATIONAL sarl au jour de la passation de la commande, le Client reconna\u00eet et accepte par la pr\u00e9sente que le prix de vente du produit r\u00e9sulte de la conversion du prix indiqu\u00e9 sur le Site dans la devise de le pays de livraison du produit en utilisant le taux de change en vigueur au moment de la confirmation de la commande.<\/p>\n<p>Si la carte de paiement utilis\u00e9e par le Client applique une devise diff\u00e9rente de celle indiqu\u00e9e sur la facture, le prix de vente final des produits r\u00e9sultera de la conversion du prix indiqu\u00e9 sur la facture dans la devise applicable \u00e0 la carte de paiement du Client en utilisant le taux de change au moment o\u00f9 l\u2019\u00e9metteur de la carte de paiement traite la transaction.<\/p>\n<p>Les prix indiqu\u00e9s incluent tous les taxes (TVA et autres taxes applicables au jour de la commande), sauf stipulation contraire et hors frais de livraison, de traitement et d\u2019exp\u00e9dition.<\/p>\n<p>Si votre carte de cr\u00e9dit \/ d\u00e9bit n\u2019est pas dans la devise de votre facture, le prix final est calcul\u00e9 conform\u00e9ment au taux de change en vigueur le jour o\u00f9 l\u2019\u00e9metteur de votre carte traite la transaction.<\/p>\n<p>Les prix des produits indiqu\u00e9s sur le site Web s\u2019entendent hors frais de livraison, sauf indication contraire.<\/p>\n<p>Les frais de livraison sont calcul\u00e9s en fonction du pays de livraison du Client et sont d\u00e9taill\u00e9s sur la page r\u00e9capitulative de votre commande.<\/p>\n<p>Les produits restent la propri\u00e9t\u00e9 de DEMETRA INTERNATIONAL sarl jusqu\u2019au paiement int\u00e9gral du prix par le Client.<\/p>\n<p>N\u00e9anmoins, les risques de perte ou d\u2019endommagement des produits sont transf\u00e9r\u00e9s au Client \u00e0 compter de la date de r\u00e9ception des produits command\u00e9s.<\/p>\n<p><strong>5 \u2013 Commande<\/strong><\/p>\n<p>Toute commande effectu\u00e9e sur le Site Web suppose l\u2019acceptation expresse des pr\u00e9sentes CGV, sans que cette acceptation ne soit conditionnelle \u00e0 la signature par \u00e9crit du Client.<\/p>\n<p>Le Client d\u00e9clare par la pr\u00e9sente avoir pleinement connaissance de l\u2019ensemble des informations fournies et la confirmation enregistr\u00e9e constitue la preuve de la transaction.<\/p>\n<p>La confirmation de commande vaut signature et acceptation des transactions effectu\u00e9es.<\/p>\n<p>Pour effectuer toute commande, le Client doit cr\u00e9er un compte client.<\/p>\n<p>Une fois ce compte cr\u00e9\u00e9, le Client peut acc\u00e9der \u00e0 son espace client personnel.<\/p>\n<p>Pour se connecter \u00e0 cet espace personnel, le Client doit s\u2019identifier en utilisant l\u2019adresse email indiqu\u00e9e lors de la cr\u00e9ation du compte et son mot de passe secret personnel choisi.<\/p>\n<p>DEMETRA INTERNATIONAL sarl ne pourra \u00eatre tenue pour responsable de toute action effectu\u00e9e sur le compte client par un tiers \u00e0 qui le Client aura fourni ses identifiants ou qui aurait acc\u00e9d\u00e9 au compte du fait de la n\u00e9gligence du Client.<\/p>\n<p>Le Client s\u2019engage \u00e0 ce que les informations fournies lors de la passation de commande soient compl\u00e8tes, exactes et \u00e0 jour.<\/p>\n<p>A d\u00e9faut, DEMETRA INTERNATIONAL sarl se r\u00e9serve le droit d\u2019annuler purement et simplement la commande.<\/p>\n<p>La commande peut \u00eatre envoy\u00e9e \u00e0 une adresse de livraison diff\u00e9rente de l\u2019adresse de facturation.<\/p>\n<p>Les commandes engagent le Client une fois que ce dernier a confirm\u00e9 le paiement en cliquant sur \u00abConfirmer\u00bb.<\/p>\n<p>Apr\u00e8s r\u00e9ception d\u2019une commande, DEMETRA INTERNATIONAL sarl adressera au Client la confirmation de la commande par email comprenant un r\u00e9capitulatif de la commande, le num\u00e9ro de commande et compl\u00e9tera ensuite la confirmation de la commande par l\u2019envoi d\u2019un email de confirmation de commande. Ces e-mails seront envoy\u00e9s \u00e0 l\u2019adresse fournie lors de l\u2019ouverture du compte client.<\/p>\n<p>DEMETRA INTERNATIONAL sarl se r\u00e9serve le droit d\u2019annuler et de rembourser le paiement d\u2019une commande pour tout motif l\u00e9gitime, notamment en cas de probl\u00e8mes d\u2019approvisionnement et de difficult\u00e9s concernant la commande re\u00e7ue.<\/p>\n<p>Lorsque le Client passe sa commande sur le site web, une confirmation de commande reprenant le d\u00e9tail et les prix des articles command\u00e9s lui est automatiquement envoy\u00e9e \u00e0 l\u2019adresse\u2006mail fournie pendant le\u2006 processus de commande.<\/p>\n<p>Le client peut contacter le service d\u00e9di\u00e9 aux commandes\u2006par mail customer.care@demetragioielli.com<\/p>\n<p>Derni\u00e8re mise \u00e0 jour: 11\/07\/2021<\/p>\t\t\t\t\t\t<\/div>\n\t\t\t\t<\/div>\n\t\t\t\t\t<\/div>\n\t\t<\/div>\n\t\t\t\t\t\t\t<\/div>\n\t\t<\/section>\n\t\t\t\t\t\t\t<\/div>","protected":false},"excerpt":{"rendered":"<p>CONDIZIONI DI VENDITA 1. Presentazione del sito Proprietario: DEMETRA INTERNATIONAL Sarl \u2013 Le Patio Palace \u2013 41 Avenue Hector Otto \u2013 98000 MONACO Registro RC:&nbsp;16 S 06998 Creazione del sito: DEMETRA INTERNATIONAL Sarl Responsabile pubblicazioni&nbsp;: www.demetramontecarlo.com \u2013 demetra@monaco.mc Ospite&nbsp;: ARUBA \u2013 Via San Clemente, 53 \u2013 24036 Ponte San Pietro (BG) 2 \u2013 Oggetto Le [&hellip;]<\/p>","protected":false},"author":1,"featured_media":0,"parent":0,"menu_order":0,"comment_status":"closed","ping_status":"closed","template":"","meta":{"_joinchat":[],"footnotes":""},"class_list":["post-43036","page","type-page","status-publish","hentry"],"yoast_head":"<!-- This site is optimized with the Yoast SEO plugin v21.3 - https:\/\/yoast.com\/wordpress\/plugins\/seo\/ -->\n<title>Condizioni di vendita &#060; Demetra Gioielli<\/title>\n<meta name=\"robots\" content=\"index, follow, max-snippet:-1, max-image-preview:large, max-video-preview:-1\" \/>\n<link rel=\"canonical\" href=\"https:\/\/shop.demetragioielli.com\/condizioni-di-vendita\/\" \/>\n<meta property=\"og:locale\" content=\"fr_FR\" \/>\n<meta property=\"og:type\" content=\"article\" \/>\n<meta property=\"og:title\" content=\"Condizioni di vendita &#060; Demetra Gioielli\" \/>\n<meta property=\"og:description\" content=\"CONDIZIONI DI VENDITA 1. Presentazione del sito Proprietario: DEMETRA INTERNATIONAL Sarl \u2013 Le Patio Palace \u2013 41 Avenue Hector Otto \u2013 98000 MONACO Registro RC:&nbsp;16 S 06998 Creazione del sito: DEMETRA INTERNATIONAL Sarl Responsabile pubblicazioni&nbsp;: www.demetramontecarlo.com \u2013 demetra@monaco.mc Ospite&nbsp;: ARUBA \u2013 Via San Clemente, 53 \u2013 24036 Ponte San Pietro (BG) 2 \u2013 Oggetto Le [&hellip;]\" \/>\n<meta property=\"og:url\" content=\"https:\/\/shop.demetragioielli.com\/condizioni-di-vendita\/\" \/>\n<meta property=\"og:site_name\" content=\"Demetra Gioielli\" \/>\n<meta property=\"article:modified_time\" content=\"2023-09-08T11:37:26+00:00\" \/>\n<meta name=\"twitter:card\" content=\"summary_large_image\" \/>\n<meta name=\"twitter:label1\" content=\"Dur\u00e9e de lecture estim\u00e9e\" \/>\n\t<meta name=\"twitter:data1\" content=\"5 minutes\" \/>\n<script type=\"application\/ld+json\" class=\"yoast-schema-graph\">{\"@context\":\"https:\/\/schema.org\",\"@graph\":[{\"@type\":\"WebPage\",\"@id\":\"https:\/\/shop.demetragioielli.com\/condizioni-di-vendita\/\",\"url\":\"https:\/\/shop.demetragioielli.com\/condizioni-di-vendita\/\",\"name\":\"Condizioni di vendita &#060; Demetra Gioielli\",\"isPartOf\":{\"@id\":\"https:\/\/shop.demetragioielli.com\/#website\"},\"datePublished\":\"2021-07-17T11:21:08+00:00\",\"dateModified\":\"2023-09-08T11:37:26+00:00\",\"breadcrumb\":{\"@id\":\"https:\/\/shop.demetragioielli.com\/condizioni-di-vendita\/#breadcrumb\"},\"inLanguage\":\"fr-FR\",\"potentialAction\":[{\"@type\":\"ReadAction\",\"target\":[\"https:\/\/shop.demetragioielli.com\/condizioni-di-vendita\/\"]}]},{\"@type\":\"BreadcrumbList\",\"@id\":\"https:\/\/shop.demetragioielli.com\/condizioni-di-vendita\/#breadcrumb\",\"itemListElement\":[{\"@type\":\"ListItem\",\"position\":1,\"name\":\"Home\",\"item\":\"https:\/\/demetragioielli.com\/\"},{\"@type\":\"ListItem\",\"position\":2,\"name\":\"Condizioni di vendita\"}]},{\"@type\":\"WebSite\",\"@id\":\"https:\/\/shop.demetragioielli.com\/#website\",\"url\":\"https:\/\/shop.demetragioielli.com\/\",\"name\":\"Demetra Gioielli\",\"description\":\"Un gioiello su misura per te...\",\"publisher\":{\"@id\":\"https:\/\/shop.demetragioielli.com\/#organization\"},\"potentialAction\":[{\"@type\":\"SearchAction\",\"target\":{\"@type\":\"EntryPoint\",\"urlTemplate\":\"https:\/\/shop.demetragioielli.com\/?s={search_term_string}\"},\"query-input\":\"required name=search_term_string\"}],\"inLanguage\":\"fr-FR\"},{\"@type\":\"Organization\",\"@id\":\"https:\/\/shop.demetragioielli.com\/#organization\",\"name\":\"Demetra Gioielli\",\"url\":\"https:\/\/shop.demetragioielli.com\/\",\"logo\":{\"@type\":\"ImageObject\",\"inLanguage\":\"fr-FR\",\"@id\":\"https:\/\/shop.demetragioielli.com\/#\/schema\/logo\/image\/\",\"url\":\"https:\/\/demetragioielli.com\/wp-content\/uploads\/2023\/03\/LOGO.png\",\"contentUrl\":\"https:\/\/demetragioielli.com\/wp-content\/uploads\/2023\/03\/LOGO.png\",\"width\":358,\"height\":88,\"caption\":\"Demetra Gioielli\"},\"image\":{\"@id\":\"https:\/\/shop.demetragioielli.com\/#\/schema\/logo\/image\/\"}}]}<\/script>\n<!-- \/ Yoast SEO plugin. -->","yoast_head_json":{"title":"Condizioni di vendita &#060; Demetra Gioielli","robots":{"index":"index","follow":"follow","max-snippet":"max-snippet:-1","max-image-preview":"max-image-preview:large","max-video-preview":"max-video-preview:-1"},"canonical":"https:\/\/shop.demetragioielli.com\/condizioni-di-vendita\/","og_locale":"fr_FR","og_type":"article","og_title":"Condizioni di vendita &#060; Demetra Gioielli","og_description":"CONDIZIONI DI VENDITA 1. Presentazione del sito Proprietario: DEMETRA INTERNATIONAL Sarl \u2013 Le Patio Palace \u2013 41 Avenue Hector Otto \u2013 98000 MONACO Registro RC:&nbsp;16 S 06998 Creazione del sito: DEMETRA INTERNATIONAL Sarl Responsabile pubblicazioni&nbsp;: www.demetramontecarlo.com \u2013 demetra@monaco.mc Ospite&nbsp;: ARUBA \u2013 Via San Clemente, 53 \u2013 24036 Ponte San Pietro (BG) 2 \u2013 Oggetto Le [&hellip;]","og_url":"https:\/\/shop.demetragioielli.com\/condizioni-di-vendita\/","og_site_name":"Demetra Gioielli","article_modified_time":"2023-09-08T11:37:26+00:00","twitter_card":"summary_large_image","twitter_misc":{"Dur\u00e9e de lecture estim\u00e9e":"5 minutes"},"schema":{"@context":"https:\/\/schema.org","@graph":[{"@type":"WebPage","@id":"https:\/\/shop.demetragioielli.com\/condizioni-di-vendita\/","url":"https:\/\/shop.demetragioielli.com\/condizioni-di-vendita\/","name":"Condizioni di vendita &#060; Demetra Gioielli","isPartOf":{"@id":"https:\/\/shop.demetragioielli.com\/#website"},"datePublished":"2021-07-17T11:21:08+00:00","dateModified":"2023-09-08T11:37:26+00:00","breadcrumb":{"@id":"https:\/\/shop.demetragioielli.com\/condizioni-di-vendita\/#breadcrumb"},"inLanguage":"fr-FR","potentialAction":[{"@type":"ReadAction","target":["https:\/\/shop.demetragioielli.com\/condizioni-di-vendita\/"]}]},{"@type":"BreadcrumbList","@id":"https:\/\/shop.demetragioielli.com\/condizioni-di-vendita\/#breadcrumb","itemListElement":[{"@type":"ListItem","position":1,"name":"Home","item":"https:\/\/demetragioielli.com\/"},{"@type":"ListItem","position":2,"name":"Condizioni di vendita"}]},{"@type":"WebSite","@id":"https:\/\/shop.demetragioielli.com\/#website","url":"https:\/\/shop.demetragioielli.com\/","name":"Demetra Gioielli","description":"Un gioiello su misura per te...","publisher":{"@id":"https:\/\/shop.demetragioielli.com\/#organization"},"potentialAction":[{"@type":"SearchAction","target":{"@type":"EntryPoint","urlTemplate":"https:\/\/shop.demetragioielli.com\/?s={search_term_string}"},"query-input":"required name=search_term_string"}],"inLanguage":"fr-FR"},{"@type":"Organization","@id":"https:\/\/shop.demetragioielli.com\/#organization","name":"Demetra Gioielli","url":"https:\/\/shop.demetragioielli.com\/","logo":{"@type":"ImageObject","inLanguage":"fr-FR","@id":"https:\/\/shop.demetragioielli.com\/#\/schema\/logo\/image\/","url":"https:\/\/demetragioielli.com\/wp-content\/uploads\/2023\/03\/LOGO.png","contentUrl":"https:\/\/demetragioielli.com\/wp-content\/uploads\/2023\/03\/LOGO.png","width":358,"height":88,"caption":"Demetra Gioielli"},"image":{"@id":"https:\/\/shop.demetragioielli.com\/#\/schema\/logo\/image\/"}}]}},"_links":{"self":[{"href":"https:\/\/demetragioielli.com\/fr\/wp-json\/wp\/v2\/pages\/43036","targetHints":{"allow":["GET"]}}],"collection":[{"href":"https:\/\/demetragioielli.com\/fr\/wp-json\/wp\/v2\/pages"}],"about":[{"href":"https:\/\/demetragioielli.com\/fr\/wp-json\/wp\/v2\/types\/page"}],"author":[{"embeddable":true,"href":"https:\/\/demetragioielli.com\/fr\/wp-json\/wp\/v2\/users\/1"}],"replies":[{"embeddable":true,"href":"https:\/\/demetragioielli.com\/fr\/wp-json\/wp\/v2\/comments?post=43036"}],"version-history":[{"count":32,"href":"https:\/\/demetragioielli.com\/fr\/wp-json\/wp\/v2\/pages\/43036\/revisions"}],"predecessor-version":[{"id":50277,"href":"https:\/\/demetragioielli.com\/fr\/wp-json\/wp\/v2\/pages\/43036\/revisions\/50277"}],"wp:attachment":[{"href":"https:\/\/demetragioielli.com\/fr\/wp-json\/wp\/v2\/media?parent=43036"}],"curies":[{"name":"wp","href":"https:\/\/api.w.org\/{rel}","templated":true}]}}