

{"id":44653,"date":"2021-07-18T20:03:15","date_gmt":"2021-07-18T18:03:15","guid":{"rendered":"https:\/\/demetragioielli.com\/negozio\/tanya-orecchini\/"},"modified":"2026-04-20T18:49:20","modified_gmt":"2026-04-20T16:49:20","slug":"tanya-orecchini","status":"publish","type":"product","link":"https:\/\/demetragioielli.com\/fr\/negozio\/tanya-orecchini\/","title":{"rendered":"TANYA BOUCLES D&#039;OREILLES"},"content":{"rendered":"<p>Boucles d&#039;oreilles, Trilogie, or jaune 18 K, orn\u00e9e d&#039;une cascade de trois gemmes de la forme de l&#039;Ovale et lumineux Diamants. Ce bijou est une cr\u00e9ation \u00e9l\u00e9gante et romantique, id\u00e9al pour un cadeau. Un mod\u00e8le qui peut \u00eatre accompagn\u00e9 par la bague et le collier de la m\u00eame s\u00e9rie.<\/p>","protected":false},"excerpt":{"rendered":"<p>Enti\u00e8rement fabriqu\u00e9 en Italie \u2013 Livr\u00e9 dans sa bo\u00eete en Or 18 Kt<\/p>","protected":false},"featured_media":1559,"template":"","meta":{"_joinchat":[]},"product_cat":[19,184],"product_tag":[721,730,742],"class_list":["post-44653","product","type-product","status-publish","has-post-thumbnail","hentry","product_cat-gioielli","product_cat-orecchini","product_tag-aqua","product_tag-chroma","product_tag-tanya","pa_colore-oro-bianco","pa_colore-oro-giallo","pa_pietra-acquamarina","pa_pietra-rubino","pa_pietra-smeraldo","pa_pietra-zaffiro"],"yoast_head":"<!-- This site is optimized with the Yoast SEO plugin v21.3 - https:\/\/yoast.com\/wordpress\/plugins\/seo\/ -->\n<title>TANYA ORECCHINI &#060; Demetra Gioielli<\/title>\n<meta name=\"robots\" content=\"index, follow, max-snippet:-1, max-image-preview:large, max-video-preview:-1\" \/>\n<link rel=\"canonical\" href=\"https:\/\/shop.demetragioielli.com\/negozio\/tanya-orecchini\/\" \/>\n<meta property=\"og:locale\" content=\"fr_FR\" \/>\n<meta property=\"og:type\" content=\"article\" \/>\n<meta property=\"og:title\" content=\"TANYA ORECCHINI &#060; Demetra Gioielli\" \/>\n<meta property=\"og:description\" content=\"Realizzati completamente in Italia - Spedito dentro la sua scatola - Oro 18 Kt\" \/>\n<meta property=\"og:url\" content=\"https:\/\/shop.demetragioielli.com\/negozio\/tanya-orecchini\/\" \/>\n<meta property=\"og:site_name\" content=\"Demetra Gioielli\" \/>\n<meta property=\"article:modified_time\" content=\"2026-04-20T16:49:20+00:00\" \/>\n<meta property=\"og:image\" content=\"https:\/\/shop.demetragioielli.com\/wp-content\/uploads\/2021\/04\/924.A.016.300.Y.A3.png\" \/>\n\t<meta property=\"og:image:width\" content=\"455\" \/>\n\t<meta property=\"og:image:height\" content=\"318\" \/>\n\t<meta property=\"og:image:type\" content=\"image\/png\" \/>\n<meta name=\"twitter:card\" content=\"summary_large_image\" \/>\n<script type=\"application\/ld+json\" class=\"yoast-schema-graph\">{\"@context\":\"https:\/\/schema.org\",\"@graph\":[{\"@type\":\"WebPage\",\"@id\":\"https:\/\/shop.demetragioielli.com\/negozio\/tanya-orecchini\/\",\"url\":\"https:\/\/shop.demetragioielli.com\/negozio\/tanya-orecchini\/\",\"name\":\"TANYA ORECCHINI &#060; Demetra Gioielli\",\"isPartOf\":{\"@id\":\"https:\/\/shop.demetragioielli.com\/#website\"},\"datePublished\":\"2021-07-18T18:03:15+00:00\",\"dateModified\":\"2026-04-20T16:49:20+00:00\",\"breadcrumb\":{\"@id\":\"https:\/\/shop.demetragioielli.com\/negozio\/tanya-orecchini\/#breadcrumb\"},\"inLanguage\":\"fr-FR\",\"potentialAction\":[{\"@type\":\"ReadAction\",\"target\":[\"https:\/\/shop.demetragioielli.com\/negozio\/tanya-orecchini\/\"]}]},{\"@type\":\"BreadcrumbList\",\"@id\":\"https:\/\/shop.demetragioielli.com\/negozio\/tanya-orecchini\/#breadcrumb\",\"itemListElement\":[{\"@type\":\"ListItem\",\"position\":1,\"name\":\"Home\",\"item\":\"https:\/\/demetragioielli.com\/\"},{\"@type\":\"ListItem\",\"position\":2,\"name\":\"Shop\",\"item\":\"https:\/\/shop.demetragioielli.com\/negozio\/\"},{\"@type\":\"ListItem\",\"position\":3,\"name\":\"TANYA ORECCHINI\"}]},{\"@type\":\"WebSite\",\"@id\":\"https:\/\/shop.demetragioielli.com\/#website\",\"url\":\"https:\/\/shop.demetragioielli.com\/\",\"name\":\"Demetra Gioielli\",\"description\":\"Un gioiello su misura per te...\",\"publisher\":{\"@id\":\"https:\/\/shop.demetragioielli.com\/#organization\"},\"potentialAction\":[{\"@type\":\"SearchAction\",\"target\":{\"@type\":\"EntryPoint\",\"urlTemplate\":\"https:\/\/shop.demetragioielli.com\/?s={search_term_string}\"},\"query-input\":\"required name=search_term_string\"}],\"inLanguage\":\"fr-FR\"},{\"@type\":\"Organization\",\"@id\":\"https:\/\/shop.demetragioielli.com\/#organization\",\"name\":\"Demetra Gioielli\",\"url\":\"https:\/\/shop.demetragioielli.com\/\",\"logo\":{\"@type\":\"ImageObject\",\"inLanguage\":\"fr-FR\",\"@id\":\"https:\/\/shop.demetragioielli.com\/#\/schema\/logo\/image\/\",\"url\":\"https:\/\/demetragioielli.com\/wp-content\/uploads\/2023\/03\/LOGO.png\",\"contentUrl\":\"https:\/\/demetragioielli.com\/wp-content\/uploads\/2023\/03\/LOGO.png\",\"width\":358,\"height\":88,\"caption\":\"Demetra Gioielli\"},\"image\":{\"@id\":\"https:\/\/shop.demetragioielli.com\/#\/schema\/logo\/image\/\"}}]}<\/script>\n<!-- \/ Yoast SEO plugin. -->","yoast_head_json":{"title":"TANYA ORECCHINI &#060; Demetra Gioielli","robots":{"index":"index","follow":"follow","max-snippet":"max-snippet:-1","max-image-preview":"max-image-preview:large","max-video-preview":"max-video-preview:-1"},"canonical":"https:\/\/shop.demetragioielli.com\/negozio\/tanya-orecchini\/","og_locale":"fr_FR","og_type":"article","og_title":"TANYA ORECCHINI &#060; Demetra Gioielli","og_description":"Realizzati completamente in Italia - Spedito dentro la sua scatola - Oro 18 Kt","og_url":"https:\/\/shop.demetragioielli.com\/negozio\/tanya-orecchini\/","og_site_name":"Demetra Gioielli","article_modified_time":"2026-04-20T16:49:20+00:00","og_image":[{"width":455,"height":318,"url":"https:\/\/shop.demetragioielli.com\/wp-content\/uploads\/2021\/04\/924.A.016.300.Y.A3.png","type":"image\/png"}],"twitter_card":"summary_large_image","schema":{"@context":"https:\/\/schema.org","@graph":[{"@type":"WebPage","@id":"https:\/\/shop.demetragioielli.com\/negozio\/tanya-orecchini\/","url":"https:\/\/shop.demetragioielli.com\/negozio\/tanya-orecchini\/","name":"TANYA ORECCHINI &#060; Demetra Gioielli","isPartOf":{"@id":"https:\/\/shop.demetragioielli.com\/#website"},"datePublished":"2021-07-18T18:03:15+00:00","dateModified":"2026-04-20T16:49:20+00:00","breadcrumb":{"@id":"https:\/\/shop.demetragioielli.com\/negozio\/tanya-orecchini\/#breadcrumb"},"inLanguage":"fr-FR","potentialAction":[{"@type":"ReadAction","target":["https:\/\/shop.demetragioielli.com\/negozio\/tanya-orecchini\/"]}]},{"@type":"BreadcrumbList","@id":"https:\/\/shop.demetragioielli.com\/negozio\/tanya-orecchini\/#breadcrumb","itemListElement":[{"@type":"ListItem","position":1,"name":"Home","item":"https:\/\/demetragioielli.com\/"},{"@type":"ListItem","position":2,"name":"Shop","item":"https:\/\/shop.demetragioielli.com\/negozio\/"},{"@type":"ListItem","position":3,"name":"TANYA ORECCHINI"}]},{"@type":"WebSite","@id":"https:\/\/shop.demetragioielli.com\/#website","url":"https:\/\/shop.demetragioielli.com\/","name":"Demetra Gioielli","description":"Un gioiello su misura per te...","publisher":{"@id":"https:\/\/shop.demetragioielli.com\/#organization"},"potentialAction":[{"@type":"SearchAction","target":{"@type":"EntryPoint","urlTemplate":"https:\/\/shop.demetragioielli.com\/?s={search_term_string}"},"query-input":"required name=search_term_string"}],"inLanguage":"fr-FR"},{"@type":"Organization","@id":"https:\/\/shop.demetragioielli.com\/#organization","name":"Demetra Gioielli","url":"https:\/\/shop.demetragioielli.com\/","logo":{"@type":"ImageObject","inLanguage":"fr-FR","@id":"https:\/\/shop.demetragioielli.com\/#\/schema\/logo\/image\/","url":"https:\/\/demetragioielli.com\/wp-content\/uploads\/2023\/03\/LOGO.png","contentUrl":"https:\/\/demetragioielli.com\/wp-content\/uploads\/2023\/03\/LOGO.png","width":358,"height":88,"caption":"Demetra Gioielli"},"image":{"@id":"https:\/\/shop.demetragioielli.com\/#\/schema\/logo\/image\/"}}]}},"_links":{"self":[{"href":"https:\/\/demetragioielli.com\/fr\/wp-json\/wp\/v2\/product\/44653","targetHints":{"allow":["GET"]}}],"collection":[{"href":"https:\/\/demetragioielli.com\/fr\/wp-json\/wp\/v2\/product"}],"about":[{"href":"https:\/\/demetragioielli.com\/fr\/wp-json\/wp\/v2\/types\/product"}],"wp:featuredmedia":[{"embeddable":true,"href":"https:\/\/demetragioielli.com\/fr\/wp-json\/wp\/v2\/media\/1559"}],"wp:attachment":[{"href":"https:\/\/demetragioielli.com\/fr\/wp-json\/wp\/v2\/media?parent=44653"}],"wp:term":[{"taxonomy":"product_cat","embeddable":true,"href":"https:\/\/demetragioielli.com\/fr\/wp-json\/wp\/v2\/product_cat?post=44653"},{"taxonomy":"product_tag","embeddable":true,"href":"https:\/\/demetragioielli.com\/fr\/wp-json\/wp\/v2\/product_tag?post=44653"}],"curies":[{"name":"wp","href":"https:\/\/api.w.org\/{rel}","templated":true}]}}