

{"id":46035,"date":"2021-07-18T20:58:36","date_gmt":"2021-07-18T18:58:36","guid":{"rendered":"https:\/\/demetragioielli.com\/negozio\/paris-anello-2\/"},"modified":"2026-04-20T18:49:35","modified_gmt":"2026-04-20T16:49:35","slug":"paris-anello-2","status":"publish","type":"product","link":"https:\/\/demetragioielli.com\/fr\/negozio\/paris-anello-2\/","title":{"rendered":"PARIS BAGUE"},"content":{"rendered":"<p>Bague en Or 18 Kt, de style Parisien avec Diamant Naturel ou de la Couleur des pierres pr\u00e9cieuses dans carats diff\u00e9rentes, accompagn\u00e9 de Diamants Naturels sur la tige.Le Bijou peut \u00eatre accompagn\u00e9 par les boucles d&#039;oreilles et d&#039;un collier de la m\u00eame s\u00e9rie.<\/p>","protected":false},"excerpt":{"rendered":"<p>Enti\u00e8rement fabriqu\u00e9 en Italie \u2013 Livr\u00e9 dans sa bo\u00eete en Or 18 Kt<\/p>","protected":false},"featured_media":20054,"template":"","meta":{"_joinchat":[]},"product_cat":[19,185],"product_tag":[730,743,1326],"class_list":["post-46035","product","type-product","status-publish","has-post-thumbnail","hentry","product_cat-gioielli","product_cat-anello","product_tag-chroma","product_tag-essential","product_tag-paris","pa_carati-1687","pa_carati-1688","pa_carati-1692","pa_colore-oro-bianco","pa_colore-oro-giallo","pa_pietra-diamante","pa_pietra-rubino","pa_pietra-smeraldo","pa_pietra-zaffiro"],"yoast_head":"<!-- This site is optimized with the Yoast SEO plugin v21.3 - https:\/\/yoast.com\/wordpress\/plugins\/seo\/ -->\n<title>PARIS ANELLO &#060; Demetra Gioielli<\/title>\n<meta name=\"robots\" content=\"index, follow, max-snippet:-1, max-image-preview:large, max-video-preview:-1\" \/>\n<link rel=\"canonical\" href=\"https:\/\/shop.demetragioielli.com\/negozio\/paris-anello-2\/\" \/>\n<meta property=\"og:locale\" content=\"fr_FR\" \/>\n<meta property=\"og:type\" content=\"article\" \/>\n<meta property=\"og:title\" content=\"PARIS ANELLO &#060; Demetra Gioielli\" \/>\n<meta property=\"og:description\" content=\"Realizzati completamente in Italia - Spedito dentro la sua scatola - Oro 18 Kt\" \/>\n<meta property=\"og:url\" content=\"https:\/\/shop.demetragioielli.com\/negozio\/paris-anello-2\/\" \/>\n<meta property=\"og:site_name\" content=\"Demetra Gioielli\" \/>\n<meta property=\"article:modified_time\" content=\"2026-04-20T16:49:35+00:00\" \/>\n<meta property=\"og:image\" content=\"https:\/\/shop.demetragioielli.com\/wp-content\/uploads\/2021\/04\/011.F.010.020.W.png\" \/>\n\t<meta property=\"og:image:width\" content=\"490\" \/>\n\t<meta property=\"og:image:height\" content=\"383\" \/>\n\t<meta property=\"og:image:type\" content=\"image\/png\" \/>\n<meta name=\"twitter:card\" content=\"summary_large_image\" \/>\n<script type=\"application\/ld+json\" class=\"yoast-schema-graph\">{\"@context\":\"https:\/\/schema.org\",\"@graph\":[{\"@type\":\"WebPage\",\"@id\":\"https:\/\/shop.demetragioielli.com\/negozio\/paris-anello-2\/\",\"url\":\"https:\/\/shop.demetragioielli.com\/negozio\/paris-anello-2\/\",\"name\":\"PARIS ANELLO &#060; Demetra Gioielli\",\"isPartOf\":{\"@id\":\"https:\/\/shop.demetragioielli.com\/#website\"},\"datePublished\":\"2021-07-18T18:58:36+00:00\",\"dateModified\":\"2026-04-20T16:49:35+00:00\",\"breadcrumb\":{\"@id\":\"https:\/\/shop.demetragioielli.com\/negozio\/paris-anello-2\/#breadcrumb\"},\"inLanguage\":\"fr-FR\",\"potentialAction\":[{\"@type\":\"ReadAction\",\"target\":[\"https:\/\/shop.demetragioielli.com\/negozio\/paris-anello-2\/\"]}]},{\"@type\":\"BreadcrumbList\",\"@id\":\"https:\/\/shop.demetragioielli.com\/negozio\/paris-anello-2\/#breadcrumb\",\"itemListElement\":[{\"@type\":\"ListItem\",\"position\":1,\"name\":\"Home\",\"item\":\"https:\/\/demetragioielli.com\/\"},{\"@type\":\"ListItem\",\"position\":2,\"name\":\"Shop\",\"item\":\"https:\/\/shop.demetragioielli.com\/negozio\/\"},{\"@type\":\"ListItem\",\"position\":3,\"name\":\"PARIS ANELLO\"}]},{\"@type\":\"WebSite\",\"@id\":\"https:\/\/shop.demetragioielli.com\/#website\",\"url\":\"https:\/\/shop.demetragioielli.com\/\",\"name\":\"Demetra Gioielli\",\"description\":\"Un gioiello su misura per te...\",\"publisher\":{\"@id\":\"https:\/\/shop.demetragioielli.com\/#organization\"},\"potentialAction\":[{\"@type\":\"SearchAction\",\"target\":{\"@type\":\"EntryPoint\",\"urlTemplate\":\"https:\/\/shop.demetragioielli.com\/?s={search_term_string}\"},\"query-input\":\"required name=search_term_string\"}],\"inLanguage\":\"fr-FR\"},{\"@type\":\"Organization\",\"@id\":\"https:\/\/shop.demetragioielli.com\/#organization\",\"name\":\"Demetra Gioielli\",\"url\":\"https:\/\/shop.demetragioielli.com\/\",\"logo\":{\"@type\":\"ImageObject\",\"inLanguage\":\"fr-FR\",\"@id\":\"https:\/\/shop.demetragioielli.com\/#\/schema\/logo\/image\/\",\"url\":\"https:\/\/demetragioielli.com\/wp-content\/uploads\/2023\/03\/LOGO.png\",\"contentUrl\":\"https:\/\/demetragioielli.com\/wp-content\/uploads\/2023\/03\/LOGO.png\",\"width\":358,\"height\":88,\"caption\":\"Demetra Gioielli\"},\"image\":{\"@id\":\"https:\/\/shop.demetragioielli.com\/#\/schema\/logo\/image\/\"}}]}<\/script>\n<!-- \/ Yoast SEO plugin. -->","yoast_head_json":{"title":"PARIS ANELLO &#060; Demetra Gioielli","robots":{"index":"index","follow":"follow","max-snippet":"max-snippet:-1","max-image-preview":"max-image-preview:large","max-video-preview":"max-video-preview:-1"},"canonical":"https:\/\/shop.demetragioielli.com\/negozio\/paris-anello-2\/","og_locale":"fr_FR","og_type":"article","og_title":"PARIS ANELLO &#060; Demetra Gioielli","og_description":"Realizzati completamente in Italia - Spedito dentro la sua scatola - Oro 18 Kt","og_url":"https:\/\/shop.demetragioielli.com\/negozio\/paris-anello-2\/","og_site_name":"Demetra Gioielli","article_modified_time":"2026-04-20T16:49:35+00:00","og_image":[{"width":490,"height":383,"url":"https:\/\/shop.demetragioielli.com\/wp-content\/uploads\/2021\/04\/011.F.010.020.W.png","type":"image\/png"}],"twitter_card":"summary_large_image","schema":{"@context":"https:\/\/schema.org","@graph":[{"@type":"WebPage","@id":"https:\/\/shop.demetragioielli.com\/negozio\/paris-anello-2\/","url":"https:\/\/shop.demetragioielli.com\/negozio\/paris-anello-2\/","name":"PARIS ANELLO &#060; Demetra Gioielli","isPartOf":{"@id":"https:\/\/shop.demetragioielli.com\/#website"},"datePublished":"2021-07-18T18:58:36+00:00","dateModified":"2026-04-20T16:49:35+00:00","breadcrumb":{"@id":"https:\/\/shop.demetragioielli.com\/negozio\/paris-anello-2\/#breadcrumb"},"inLanguage":"fr-FR","potentialAction":[{"@type":"ReadAction","target":["https:\/\/shop.demetragioielli.com\/negozio\/paris-anello-2\/"]}]},{"@type":"BreadcrumbList","@id":"https:\/\/shop.demetragioielli.com\/negozio\/paris-anello-2\/#breadcrumb","itemListElement":[{"@type":"ListItem","position":1,"name":"Home","item":"https:\/\/demetragioielli.com\/"},{"@type":"ListItem","position":2,"name":"Shop","item":"https:\/\/shop.demetragioielli.com\/negozio\/"},{"@type":"ListItem","position":3,"name":"PARIS ANELLO"}]},{"@type":"WebSite","@id":"https:\/\/shop.demetragioielli.com\/#website","url":"https:\/\/shop.demetragioielli.com\/","name":"Demetra Gioielli","description":"Un gioiello su misura per te...","publisher":{"@id":"https:\/\/shop.demetragioielli.com\/#organization"},"potentialAction":[{"@type":"SearchAction","target":{"@type":"EntryPoint","urlTemplate":"https:\/\/shop.demetragioielli.com\/?s={search_term_string}"},"query-input":"required name=search_term_string"}],"inLanguage":"fr-FR"},{"@type":"Organization","@id":"https:\/\/shop.demetragioielli.com\/#organization","name":"Demetra Gioielli","url":"https:\/\/shop.demetragioielli.com\/","logo":{"@type":"ImageObject","inLanguage":"fr-FR","@id":"https:\/\/shop.demetragioielli.com\/#\/schema\/logo\/image\/","url":"https:\/\/demetragioielli.com\/wp-content\/uploads\/2023\/03\/LOGO.png","contentUrl":"https:\/\/demetragioielli.com\/wp-content\/uploads\/2023\/03\/LOGO.png","width":358,"height":88,"caption":"Demetra Gioielli"},"image":{"@id":"https:\/\/shop.demetragioielli.com\/#\/schema\/logo\/image\/"}}]}},"_links":{"self":[{"href":"https:\/\/demetragioielli.com\/fr\/wp-json\/wp\/v2\/product\/46035","targetHints":{"allow":["GET"]}}],"collection":[{"href":"https:\/\/demetragioielli.com\/fr\/wp-json\/wp\/v2\/product"}],"about":[{"href":"https:\/\/demetragioielli.com\/fr\/wp-json\/wp\/v2\/types\/product"}],"wp:featuredmedia":[{"embeddable":true,"href":"https:\/\/demetragioielli.com\/fr\/wp-json\/wp\/v2\/media\/20054"}],"wp:attachment":[{"href":"https:\/\/demetragioielli.com\/fr\/wp-json\/wp\/v2\/media?parent=46035"}],"wp:term":[{"taxonomy":"product_cat","embeddable":true,"href":"https:\/\/demetragioielli.com\/fr\/wp-json\/wp\/v2\/product_cat?post=46035"},{"taxonomy":"product_tag","embeddable":true,"href":"https:\/\/demetragioielli.com\/fr\/wp-json\/wp\/v2\/product_tag?post=46035"}],"curies":[{"name":"wp","href":"https:\/\/api.w.org\/{rel}","templated":true}]}}